{"id":4782,"date":"2025-02-02T09:03:27","date_gmt":"2025-02-02T09:03:27","guid":{"rendered":"https:\/\/saferoadlogistic.com\/product\/metering-pump-hrp-series\/"},"modified":"2025-02-02T09:03:27","modified_gmt":"2025-02-02T09:03:27","slug":"metering-pump-hrp-series","status":"publish","type":"product","link":"https:\/\/saferoadlogistic.com\/fa\/product\/metering-pump-hrp-series\/","title":{"rendered":"Metering Pump&#8212; HRP Series"},"content":{"rendered":"<table style=\"margin:auto auto auto 5.15pt;border:currentColor;width:435pt;border-collapse:collapse;\" border=\"1\" cellspacing=\"0\">\n<tbody>\n<tr>\n<td width=\"200\" valign=\"center\" style=\"background:#FFFFFF;border:1pt solid #666666;\">\n<p style=\"text-align:left;\">\n\t\t\t\t\t<span style=\"color:#353535;font-family:Arial;font-size:12px;\">\u00a0Model<\/span>\n\t\t\t\t<\/p>\n<\/td>\n<td width=\"190\" valign=\"center\" style=\"background:#FFFFFF;border:1pt solid #666666;\">\n<p align=\"center\" style=\"text-align:center;\">\n\t\t\t\t\t<span style=\"color:#353535;font-family:Arial;font-size:12px;\">HRP-54V-1, HRP-54H-1<\/span>\n\t\t\t\t<\/p>\n<\/td>\n<td width=\"190\" valign=\"center\" style=\"background:#FFFFFF;border:1pt solid #666666;\">\n<p align=\"center\" style=\"text-align:center;\">\n\t\t\t\t\t<span style=\"color:#353535;font-family:Arial;font-size:12px;\">HRP-54V-2, HRP-54H-2<\/span>\n\t\t\t\t<\/p>\n<\/td>\n<\/tr>\n<tr>\n<td width=\"200\" valign=\"center\" style=\"background:#FFFFFF;border:1pt solid #666666;\">\n<p style=\"text-align:left;\">\n\t\t\t\t\t<span style=\"color:#353535;font-family:Arial;font-size:12px;\">\u00a0Flow rate<\/span>\n\t\t\t\t<\/p>\n<\/td>\n<td width=\"380\" valign=\"center\" style=\"background:#FFFFFF;border:1pt solid #666666;\" colspan=\"2\">\n<p align=\"center\" style=\"text-align:center;\">\n\t\t\t\t\t<span style=\"color:#353535;font-family:Arial;font-size:12px;\">38 mL\/min<\/span>\n\t\t\t\t<\/p>\n<\/td>\n<\/tr>\n<tr>\n<td width=\"200\" valign=\"center\" style=\"background:#FFFFFF;border:1pt solid #666666;\">\n<p style=\"text-align:left;\">\n\t\t\t\t\t<span style=\"color:#353535;font-family:Arial;font-size:12px;\">\u00a0Max. discharge pressure<\/span>\n\t\t\t\t<\/p>\n<\/td>\n<td width=\"380\" valign=\"center\" style=\"background:#FFFFFF;border:1pt solid #666666;\" colspan=\"2\">\n<p align=\"center\" style=\"text-align:center;\">\n\t\t\t\t\t<span style=\"color:#353535;font-family:Arial;font-size:12px;\">0.2 MPa<\/span>\n\t\t\t\t<\/p>\n<\/td>\n<\/tr>\n<tr>\n<td width=\"200\" valign=\"center\" style=\"background:#FFFFFF;border:1pt solid #666666;\">\n<p style=\"text-align:left;\">\n\t\t\t\t\t<span style=\"color:#353535;font-family:Arial;font-size:12px;\">\u00a0Stroke rate<\/span>\n\t\t\t\t<\/p>\n<\/td>\n<td width=\"380\" valign=\"center\" style=\"background:#FFFFFF;border:1pt solid #666666;\" colspan=\"2\">\n<p align=\"center\" style=\"text-align:center;\">\n\t\t\t\t\t<span style=\"color:#353535;font-family:Arial;font-size:12px;\">0 to 720 spm<\/span>\n\t\t\t\t<\/p>\n<\/td>\n<\/tr>\n<tr>\n<td width=\"200\" valign=\"center\" style=\"background:#FFFFFF;border:1pt solid #666666;\">\n<p style=\"text-align:left;\">\n\t\t\t\t\t<span style=\"color:#353535;font-family:Arial;font-size:12px;\">\u00a0Tube connection bore<\/span>\n\t\t\t\t<\/p>\n<\/td>\n<td width=\"380\" valign=\"center\" style=\"background:#FFFFFF;border:1pt solid #666666;\" colspan=\"2\">\n<p align=\"center\" style=\"text-align:center;\">\n\t\t\t\t\t<span style=\"color:#353535;font-family:Arial;font-size:12px;\">\u00d83 X \u00d86, \u00d84 X \u00d86, \u00d81\/8 X \u00d81\/4<\/span>\n\t\t\t\t<\/p>\n<\/td>\n<\/tr>\n<tr>\n<td width=\"200\" valign=\"center\" style=\"background:#FFFFFF;border:1pt solid #666666;\">\n<p style=\"text-align:left;\">\n\t\t\t\t\t<span style=\"color:#353535;font-family:Arial;font-size:12px;\">\u00a0Power voltage<\/span>\n\t\t\t\t<\/p>\n<\/td>\n<td width=\"190\" valign=\"center\" style=\"background:#FFFFFF;border:1pt solid #666666;\">\n<p align=\"center\" style=\"text-align:center;\">\n\t\t\t\t\t<span style=\"color:#353535;font-family:Arial;font-size:12px;\">DC12V<\/span>\n\t\t\t\t<\/p>\n<\/td>\n<td width=\"190\" valign=\"center\" style=\"background:#FFFFFF;border:1pt solid #666666;\">\n<p align=\"center\" style=\"text-align:center;\">\n\t\t\t\t\t<span style=\"color:#353535;font-family:Arial;font-size:12px;\">DC24V<\/span>\n\t\t\t\t<\/p>\n<\/td>\n<\/tr>\n<tr>\n<td width=\"200\" valign=\"center\" style=\"background:#FFFFFF;border:1pt solid #666666;\">\n<p style=\"text-align:left;\">\n\t\t\t\t\t<span style=\"color:#353535;font-family:Arial;font-size:12px;\">\u00a0Power consumption<\/span>\n\t\t\t\t<\/p>\n<\/td>\n<td width=\"380\" valign=\"center\" style=\"background:#FFFFFF;border:1pt solid #666666;\" colspan=\"2\">\n<p align=\"center\" style=\"text-align:center;\">\n\t\t\t\t\t<span style=\"color:#353535;font-family:Arial;font-size:12px;\">5.6V<\/span>\n\t\t\t\t<\/p>\n<\/td>\n<\/tr>\n<tr>\n<td width=\"200\" valign=\"center\" style=\"background:#FFFFFF;border:1pt solid #666666;\">\n<p style=\"text-align:left;\">\n\t\t\t\t\t<span style=\"color:#353535;font-family:Arial;font-size:12px;\">\u00a0Current value<\/span>\n\t\t\t\t<\/p>\n<\/td>\n<td width=\"190\" valign=\"center\" style=\"background:#FFFFFF;border:1pt solid #666666;\">\n<p align=\"center\" style=\"text-align:center;\">\n\t\t\t\t\t<span style=\"color:#353535;font-family:Arial;font-size:12px;\">1.5A<\/span>\n\t\t\t\t<\/p>\n<\/td>\n<td width=\"190\" valign=\"center\" style=\"background:#FFFFFF;border:1pt solid #666666;\">\n<p align=\"center\" style=\"text-align:center;\">\n\t\t\t\t\t<span style=\"color:#353535;font-family:Arial;font-size:12px;\">1.0A<\/span>\n\t\t\t\t<\/p>\n<\/td>\n<\/tr>\n<tr>\n<td width=\"200\" valign=\"center\" style=\"background:#FFFFFF;border:1pt solid #666666;\">\n<p style=\"text-align:left;\">\n\t\t\t\t\t<span style=\"color:#353535;font-family:Arial;font-size:12px;\">\u00a0Weight<\/span>\n\t\t\t\t<\/p>\n<\/td>\n<td width=\"380\" valign=\"center\" style=\"background:#FFFFFF;border:1pt solid #666666;\" colspan=\"2\">\n<p align=\"center\" style=\"text-align:center;\">\n\t\t\t\t\t<span style=\"color:#353535;font-family:Arial;font-size:12px;\">0.5kg<\/span>\n\t\t\t\t<\/p>\n<\/td>\n<\/tr>\n<\/tbody>\n<\/table>\n","protected":false},"excerpt":{"rendered":"<ul class=\"hidden\">\n<li>\n<p>\n\t<b><span style=\"background:#FFFFFF;color:#000000;font-family:Arial;font-size:12px;font-weight:bold;\">DC power voltage \/ vertically- or horizontally- oriented pump &#8230; <\/p>\n","protected":false},"featured_media":4395,"comment_status":"open","ping_status":"closed","template":"","meta":{"nf_dc_page":""},"product_brand":[],"product_cat":[281],"product_tag":[],"class_list":{"0":"post-4782","1":"product","2":"type-product","3":"status-publish","4":"has-post-thumbnail","6":"product_cat-metering-pump","8":"first","9":"instock","10":"shipping-taxable","11":"product-type-simple"},"_links":{"self":[{"href":"https:\/\/saferoadlogistic.com\/fa\/wp-json\/wp\/v2\/product\/4782","targetHints":{"allow":["GET"]}}],"collection":[{"href":"https:\/\/saferoadlogistic.com\/fa\/wp-json\/wp\/v2\/product"}],"about":[{"href":"https:\/\/saferoadlogistic.com\/fa\/wp-json\/wp\/v2\/types\/product"}],"replies":[{"embeddable":true,"href":"https:\/\/saferoadlogistic.com\/fa\/wp-json\/wp\/v2\/comments?post=4782"}],"version-history":[{"count":0,"href":"https:\/\/saferoadlogistic.com\/fa\/wp-json\/wp\/v2\/product\/4782\/revisions"}],"wp:featuredmedia":[{"embeddable":true,"href":"https:\/\/saferoadlogistic.com\/fa\/wp-json\/wp\/v2\/media\/4395"}],"wp:attachment":[{"href":"https:\/\/saferoadlogistic.com\/fa\/wp-json\/wp\/v2\/media?parent=4782"}],"wp:term":[{"taxonomy":"product_brand","embeddable":true,"href":"https:\/\/saferoadlogistic.com\/fa\/wp-json\/wp\/v2\/product_brand?post=4782"},{"taxonomy":"product_cat","embeddable":true,"href":"https:\/\/saferoadlogistic.com\/fa\/wp-json\/wp\/v2\/product_cat?post=4782"},{"taxonomy":"product_tag","embeddable":true,"href":"https:\/\/saferoadlogistic.com\/fa\/wp-json\/wp\/v2\/product_tag?post=4782"}],"curies":[{"name":"wp","href":"https:\/\/api.w.org\/{rel}","templated":true}]}}